{"id":20,"date":"2023-01-16T12:57:23","date_gmt":"2023-01-16T12:57:23","guid":{"rendered":"https:\/\/easyspritze.de\/?page_id=20"},"modified":"2023-03-07T14:29:17","modified_gmt":"2023-03-07T14:29:17","slug":"startseite","status":"publish","type":"page","link":"https:\/\/easyspritze.de\/","title":{"rendered":"Die EASYspritze"},"content":{"rendered":"<div class=\"wp-block-image\">\n<figure class=\"aligncenter size-large\"><img loading=\"lazy\" decoding=\"async\" width=\"1024\" height=\"334\" src=\"https:\/\/easyspritze.de\/wp-content\/uploads\/2023\/01\/header12-1024x334.jpg\" alt=\"\" class=\"wp-image-76\" srcset=\"https:\/\/easyspritze.de\/wp-content\/uploads\/2023\/01\/header12-1024x334.jpg 1024w, https:\/\/easyspritze.de\/wp-content\/uploads\/2023\/01\/header12-300x98.jpg 300w, https:\/\/easyspritze.de\/wp-content\/uploads\/2023\/01\/header12-768x251.jpg 768w, https:\/\/easyspritze.de\/wp-content\/uploads\/2023\/01\/header12.jpg 1039w\" sizes=\"auto, (max-width: 767px) 89vw, (max-width: 1000px) 54vw, (max-width: 1071px) 543px, 580px\" \/><\/figure>\n<\/div>\n\n\n<p>Sie wollen abnehmen, sich besser f\u00fchlen und fitter werden? Das alles k\u00f6nnen Sie durch Ern\u00e4hrung und Sport erreichen, aber das ist schwer und zeitaufwendig. Holen Sie sich Hilfe durch die Easyinjection.<\/p>\n\n\n\n<p>Dadurch geben Sie Ihrem K\u00f6rper folgende M\u00f6glichkeiten:<\/p>\n\n\n\n<ul class=\"wp-block-list\">\n<li>Der Insulinspiegel im K\u00f6rper bleibt gleichm\u00e4\u00dfig<\/li>\n\n\n\n<li>Der Grundumsatz an Energie wird &nbsp;gesteigert.<\/li>\n\n\n\n<li>Verhindert Hei\u00dfhungerattacken, wodurch das Durchhalten der Di\u00e4t erleichtert wird<\/li>\n\n\n\n<li>Steigert den Stoffwechsel und gibt Ihnen mehr Energie<\/li>\n<\/ul>\n\n\n\n<p>Dreimal pro Woche erhalten Sie von uns die Easyinjection und das vier Wochen. Das zu einem unschlagbaren Preis von: 99 \u20ac f\u00fcr 3 Behandlungen<\/p>\n\n\n\n<p>Machen Sie jetzt Ihren Termin Online f\u00fcr Ihre erste Sitzung mit Anamnese, Beratung und erster Easyinjection.<\/p>\n\n\n\n<p>Online Termin buchen f\u00fcr K\u00f6ln: <a rel=\"noreferrer noopener\" href=\"https:\/\/onlinebuchung.hyalvomed.de\/\" target=\"_blank\">https:\/\/onlinebuchung.hyalvomed.de\/<\/a><\/p>\n\n\n\n<p>Online Termin buchen f\u00fcr Aachen: <a href=\"https:\/\/onlinebuchung.hyalvomed-aachen.de\/onlinebuchung\/\">https:\/\/onlinebuchung.hyalvomed-aachen.de\/onlinebuchung\/<\/a><\/p>\n","protected":false},"excerpt":{"rendered":"<p>Sie wollen abnehmen, sich besser f\u00fchlen und fitter werden? Das alles k\u00f6nnen Sie durch Ern\u00e4hrung und Sport erreichen, aber das ist schwer und zeitaufwendig. Holen Sie sich Hilfe durch die Easyinjection. Dadurch geben Sie Ihrem K\u00f6rper folgende M\u00f6glichkeiten: Dreimal pro Woche erhalten Sie von uns die Easyinjection und das vier Wochen. Das zu einem unschlagbaren &hellip; <\/p>\n<p class=\"link-more\"><a href=\"https:\/\/easyspritze.de\/\" class=\"more-link\"><span class=\"screen-reader-text\">\u201eDie EASYspritze\u201c<\/span> weiterlesen<\/a><\/p>\n","protected":false},"author":1,"featured_media":0,"parent":0,"menu_order":0,"comment_status":"closed","ping_status":"closed","template":"","meta":{"footnotes":""},"class_list":["post-20","page","type-page","status-publish","hentry"],"_links":{"self":[{"href":"https:\/\/easyspritze.de\/index.php?rest_route=\/wp\/v2\/pages\/20","targetHints":{"allow":["GET"]}}],"collection":[{"href":"https:\/\/easyspritze.de\/index.php?rest_route=\/wp\/v2\/pages"}],"about":[{"href":"https:\/\/easyspritze.de\/index.php?rest_route=\/wp\/v2\/types\/page"}],"author":[{"embeddable":true,"href":"https:\/\/easyspritze.de\/index.php?rest_route=\/wp\/v2\/users\/1"}],"replies":[{"embeddable":true,"href":"https:\/\/easyspritze.de\/index.php?rest_route=%2Fwp%2Fv2%2Fcomments&post=20"}],"version-history":[{"count":10,"href":"https:\/\/easyspritze.de\/index.php?rest_route=\/wp\/v2\/pages\/20\/revisions"}],"predecessor-version":[{"id":99,"href":"https:\/\/easyspritze.de\/index.php?rest_route=\/wp\/v2\/pages\/20\/revisions\/99"}],"wp:attachment":[{"href":"https:\/\/easyspritze.de\/index.php?rest_route=%2Fwp%2Fv2%2Fmedia&parent=20"}],"curies":[{"name":"wp","href":"https:\/\/api.w.org\/{rel}","templated":true}]}}